{"id":110,"date":"2019-03-17T15:43:49","date_gmt":"2019-03-17T14:43:49","guid":{"rendered":"http:\/\/www.itpa.it\/?page_id=110"},"modified":"2019-03-17T16:09:10","modified_gmt":"2019-03-17T15:09:10","slug":"statuto","status":"publish","type":"page","link":"https:\/\/www.itpa.it\/index.php\/statuto\/","title":{"rendered":"Statuto"},"content":{"rendered":"<p style=\"text-align: justify;\"><span style=\"font-size: 20px;\"><strong>ART.1<\/strong><\/span><br \/>\nE\u2019 costituita l\u2019Associazione Scientifica denominata &#8220;Italian Proteomics Association- ItPA&#8221;.<\/p>\n<p style=\"text-align: justify;\"><span style=\"font-size: 20px;\"><strong>ART 2<\/strong><\/span><br \/>\nL\u2019Associazione ha sede legale in Roma.<\/p>\n<p style=\"text-align: justify;\"><span style=\"font-size: 20px;\"><strong>ART 3<\/strong><\/span><br \/>\nGli scopi della ItPA sono:<\/p>\n<ul>\n<li style=\"text-align: justify;\">promuovere e sostenere, nelle istituzioni universitarie, negli Enti Pubblici di Ricerca, nell\u2019industria, negli ospedali ed enti di ricerca collegati e in tutte le sedi opportune, la ricerca e la formazione nel campo della Scienza del Proteoma;<\/li>\n<li style=\"text-align: justify;\">promuovere e sostenere la didattica di tutte le discipline coinvolte nella Scienza del Proteoma nella scuola universitaria, pre-universitaria e post-universitaria, ed in ogni altra sede opportuna;<\/li>\n<li style=\"text-align: justify;\">favorire lo sviluppo dell\u2019innovazione tecnologica nell\u2019ambito della Scienza del Proteoma;<\/li>\n<li style=\"text-align: justify;\">favorire la comunicazione scientifica promuovendo e sostenendo varie forme di collaborazione tra i vari laboratori a livello nazionale e l\u2019organizzazione di congressi e incontri;<\/li>\n<\/ul>\n<p style=\"text-align: justify;\">La ItPA aderisce agli scopi delle varie societ\u00e0 di proteomica internazionali e si riconosce completamente nei principi di base di queste societ\u00e0, che hanno come scopo l\u2019avanzamento delle conoscenze nella Scienza del Proteoma. Aderisce alla HUPO ed alla EuPA. Al fine di realizzare i propri scopi, l\u2019Associazione pu\u00f2 coordinare le proprie iniziative con istituzioni pubbliche e private. Per il raggiungimento dei propri scopi l\u2019Associazione pu\u00f2 altres\u00ec svolgere, senza fini di lucro soggettivo e in via non prevalente, tutte le operazioni mobiliari, immobiliari, commerciali, finanziarie e bancarie che saranno ritenute utili ed opportune.<\/p>\n<p style=\"text-align: justify;\"><span style=\"font-size: 20px;\"><strong>ART. 4<\/strong><\/span><br \/>\nI soci della ItPA si distinguono in:<\/p>\n<ul>\n<li style=\"text-align: justify;\">Ordinari<\/li>\n<li style=\"text-align: justify;\">Onorari<\/li>\n<li style=\"text-align: justify;\">Sostenitori<\/li>\n<\/ul>\n<p style=\"text-align: justify;\">Sono Soci Ordinari tutte le persone fisiche che svolgono attivit\u00e0 documentata nel campo della Scienza del Proteoma. I Soci Ordinari, a norma dei successivi articoli, possono essere eletti componenti del Consiglio Direttivo e hanno diritto di voto in Assemblea Generale su tutti gli argomenti dell\u2019ordine del giorno. Su proposta del Consiglio Direttivo, approvata dall\u2019Assemblea, possono essere nominati Soci Onorari coloro che abbiano apportato contributi di alto livello nello studio del Proteoma. Possono essere Soci Sostenitori gli Istituti, gli Enti, le Associazioni e le Aziende che intendono incrementare lo sviluppo della ItPA fornendo mezzi e fondi per le sue attivit\u00e0. Il Socio Sostenitore \u00e8 rappresentato da un delegato e gode degli stessi diritti di un Socio Ordinario. La domanda di iscrizione in qualit\u00e0 di Socio Ordinario deve essere presentata per iscritto al Consiglio Direttivo e deve essere controfirmata da due soci Ordinari presentatori. Il Consiglio Direttivo esamina le domande ed approva le nomine di nuovi soci. I Soci Onorari sono dispensati dal pagamento delle quote sociali. I Soci Ordinari sono tenuti a versare, entro il 31 Marzo di ogni anno, la quota annua di associazione, per l\u2019anno in corso, la cui entit\u00e0 \u00e8 stabilita anticipatamente dall\u2019Assemblea Generale. I Soci Sostenitori sono tenuti a versare entro il 31 Marzo di ogni anno una somma stabilita ogni due anni dal Consiglio Direttivo e che non pu\u00f2 essere inferiore a venti volte la quota annuale di associazione dei Soci Ordinari.<\/p>\n<p style=\"text-align: justify;\"><span style=\"font-size: 20px;\"><strong>ART. 5<\/strong><\/span><br \/>\nLa qualit\u00e0 di Socio si perde:<\/p>\n<ul>\n<li style=\"text-align: justify;\">per dimissioni che devono essere presentate per iscritto al Consiglio Direttivo<\/li>\n<li style=\"text-align: justify;\">per morosit\u00e0 recidiva (trascorsi i due anni);<\/li>\n<li style=\"text-align: justify;\">per svolgimento di attivit\u00e0 in contrasto con gli scopi della ItPA<\/li>\n<\/ul>\n<p>L\u2019esclusione dei Soci \u00e8 deliberata dall\u2019Assemblea su proposta del Consiglio Direttivo che, prima di procedere alla proposta di esclusione, deve contestare per iscritto al socio gli addebiti mossigli, consentendogli facolt\u00e0 di replica.<\/p>\n<p style=\"text-align: justify;\">I soci sono obbligati:<\/p>\n<ul>\n<li style=\"text-align: justify;\">ad osservare il presente Statuto, i regolamenti interni e le deliberazioni legittimamente adottate dagli organi associativi;<\/li>\n<li style=\"text-align: justify;\">a mantenere sempre un comportamento confacente agli scopi dell\u2019Associazione;<\/li>\n<li style=\"text-align: justify;\">a versare la quota associativa annua, ad eccezione di quanto previsto all\u2019articolo 4 del presente statuto.<\/li>\n<\/ul>\n<p style=\"text-align: justify;\">I Soci in regola con il pagamento della quota annuale ed i soci onorari hanno diritto di partecipare a tutte le attivit\u00e0 promosse dall\u2019Associazione, di partecipare all\u2019Assemblea con diritto di voto e ad accedere alle cariche sociali. Non \u00e8 consentita la cessione tra vivi della quota associativa.<\/p>\n<p style=\"text-align: justify;\"><span style=\"font-size: 20px;\"><strong>ART. 6<\/strong><\/span><br \/>\nIl patrimonio della ItPA \u00e8 costituito:<\/p>\n<ul>\n<li style=\"text-align: justify;\">dalle quote dei soci,<\/li>\n<li style=\"text-align: justify;\">dai contributi pubblici e privati,<br \/>\ndai proventi di iniziative sociali,<br \/>\nda donazioni, liberalit\u00e0 e lasciti testamentari,<br \/>\nda rimborsi derivanti da convenzioni.<br \/>\nIl patrimonio \u00e8 per intero disponibile per la realizzazione delle finalit\u00e0 della ItPA. L\u2019esercizio sociale ha inizio il primo gennaio e si chiude al trentuno dicembre di ogni anno. Al termine di ogni esercizio il Comitato Direttivo valuta il bilancio e lo sottopone all\u2019approvazione dell\u2019Assemblea dei Soci entro il mese di giugno dell\u2019anno successivo. E\u2019 fatto divieto, in ogni caso, di distribuire anche in modo indiretto utili o avanzi di gestione nonch\u00e9 fondi, riserve o capitale durante la vita dell\u2019associazione, salvo che la destinazione o la distribuzione non siano imposte dalla legge.<\/li>\n<\/ul>\n<p style=\"text-align: justify;\"><span style=\"font-size: 20px;\"><strong>ART. 7<\/strong><\/span><br \/>\nSono organi della ItPA:<\/p>\n<ul>\n<li style=\"text-align: justify;\">l\u2019Assemblea dei Soci;<\/li>\n<li style=\"text-align: justify;\">il Consiglio Direttivo<\/li>\n<li style=\"text-align: justify;\">il Presidente;<\/li>\n<li style=\"text-align: justify;\">il Vice Presidente;<\/li>\n<li style=\"text-align: justify;\">il Segretario;<\/li>\n<li style=\"text-align: justify;\">il Tesoriere<\/li>\n<li style=\"text-align: justify;\">il Collegio dei Revisori dei Conti, esterno alla ItPA.<\/li>\n<\/ul>\n<p>E\u2019 inoltre prevista la nomina di Cariche Onorifiche. Ogni carica associativa viene ricoperta a titolo gratuito salvo i rimborsi spese.<\/p>\n<p style=\"text-align: justify;\"><span style=\"font-size: 20px;\"><strong>ART. 8<\/strong><\/span><br \/>\nL\u2019Assemblea Generale \u00e8 costituita da tutti i soci in regola con il versamento della quota associativa quando \u00e8 dovuta. Ogni associato pu\u00f2 farsi rappresentare in assemblea da un altro associato mediante delega scritta. Ogni socio non pu\u00f2 avere pi\u00f9 di una delega. L\u2019Assemblea Generale ordinaria \u00e8 convocata dal Presidente con preavviso di almeno 40 giorni ogni qualvolta lo stesso Presidente o la maggioranza assoluta del Consiglio Direttivo ne ravvisi l\u2019opportunit\u00e0.<\/p>\n<p style=\"text-align: justify;\">L\u2019Assemblea nomina ogni triennio i componenti del Consiglio Direttivo, e delibera:<\/p>\n<ul>\n<li style=\"text-align: justify;\">sull\u2019andamento culturale, scientifico ed economico della ItPA;<\/li>\n<li style=\"text-align: justify;\">sull\u2019importo delle quote di associazione per l\u2019anno successivo;<\/li>\n<li style=\"text-align: justify;\">sulla approvazione e variazione di eventuali regolamenti interni;<\/li>\n<li style=\"text-align: justify;\">sull\u2019esclusione dei soci dall\u2019Associazione, proposta dal Consiglio Direttivo;<\/li>\n<li style=\"text-align: justify;\">sugli altri argomenti che siano posti all\u2019ordine del giorno.<\/li>\n<\/ul>\n<p style=\"text-align: justify;\">Ciascun iscritto, prima dei termini per la convocazione dell\u2019Assemblea, pu\u00f2 proporre al Presidente di inserire nell\u2019ordine del giorno dell\u2019Assemblea gli argomenti che crede opportuno discutere, comprese le modifiche di Statuto. Le votazioni dell\u2019Assemblea Generale avvengono:<\/p>\n<ol>\n<li style=\"text-align: justify;\">mediante voto segreto per l\u2019elezione dei componenti il Consiglio Direttivo; l\u2019elezione avviene a maggioranza relativa dei voti;<\/li>\n<li style=\"text-align: justify;\">mediante voto segreto per decidere su qualsiasi altro argomento, qualora ci\u00f2 sia richiesto dalla maggioranza del Consiglio Direttivo o da un quinto dei Soci presenti o rappresentati;<\/li>\n<li style=\"text-align: justify;\">per alzata di mano in tutte le altre circostanze.<\/li>\n<\/ol>\n<p style=\"text-align: justify;\">Le assemblee sociali potranno essere tenute anche in collegamento audio\/video con interventi dislocati in pi\u00f9 luoghi, contigui o distanti. In questi casi dovr\u00e0 essere consentito al Presidente dell\u2019Assemblea di accertare l\u2019identit\u00e0 e la legittimazione degli intervenuti, di regolare lo svolgimento dell\u2019adunanza e di constatare e proclamare i risultati delle votazioni. Dovr\u00e0 inoltre essere consentito al soggetto verbalizzante di percepire adeguatamente gli eventi assembleari oggetto di verbalizzazione; dovr\u00e0 essere consentito agli intervenuti di partecipare alla discussione e alla votazione simultanea sugli argomenti all\u2019ordine del giorno. dovendosi ritenere svolta la riunione nel luogo ove saranno presenti il Presidente e il soggetto verbalizzante. L\u2019Assemblea straordinaria delibera sulle modifiche dell\u2019atto costitutivo e dello statuto e sullo scioglimento della ItPA. L\u2019Assemblea Ordinaria e quella Straordinaria sono convocate e presiedute dal Presidente o, in caso di assenza o impedimento, dal Vice Presidente. Le convocazioni possono essere effettuate mediante posta ordinaria o posta elettronica con avviso di recezione purch\u00e8 i relativi indirizzi (e le loro variazioni) risultino comunicati all\u2019Associazione. L\u2019Assemblea, sia ordinaria che straordinaria, \u00e8 validamente costituita in prima convocazione quando sia presente o rappresentata almeno la met\u00e0 pi\u00f9 uno dei Soci. In seconda convocazione, che non pu\u00f2 avere luogo nello stesso giorno fissato per la prima, l\u2019Assemblea \u00e8 validamente costituita qualunque sia il numero dei Soci intervenuti o rappresentati. Le deliberazioni dell\u2019Assemblea sono valide quando siano adottate dalla maggioranza dei presenti, eccezion fatta per le deliberazioni riguardanti modifiche dell\u2019atto costitutivo e dello statuto, lo scioglimento dell\u2019Associazione e relativa devoluzione del patrimonio residuo, che devono essere adottate con la presenza, eventualmente anche per via telematica, ed il voto favorevole di almeno il cinquantuno per cento degli associati. Di ciascuna Assemblea viene redatto un verbale sottoscritto dal Presidente e dal Segretario verbalizzare all\u2019uopo nominati dall\u2019Assemblea.<\/p>\n<p style=\"text-align: justify;\"><span style=\"font-size: 20px;\"><strong>ART. 9<\/strong><\/span><br \/>\nIl Consiglio Direttivo \u00e8 composto da sette componenti nominati dall\u2019Assemblea, ogni socio ha diritto ad esprimere due preferenze. I componenti il Consiglio Direttivo rimangono in carica tre anni. In ogni caso un Socio non pu\u00f2 essere componente il Consiglio Direttivo per pi\u00f9 di due trienni consecutivi. Il Consiglio Direttivo nomina al suo interno il Presidente ed il Vice Presidente, il Segretario e Tesoriere ed individua i coordinatori dei Comitati di Attivit\u00e0 fra cui Finanza (presieduto dal tesoriere), ed esemplificativamente Educazione, Congressi e Comunicazione, Rapporti HUPO ed EuPA ed Attivit\u00e0 Scientifica. I Comitati di Attivit\u00e0 sono delle funzioni organizzative specifiche nell\u2019interesse della ItPA coordinate da un consigliere. Il Consiglio Direttivo pu\u00f2 variare il numero e le funzioni dei Comitati di Attivit\u00e0. Al Consiglio Direttivo spettano tutti i poteri di ordinaria e straordinaria amministrazione dell\u2019Associazione.<\/p>\n<p style=\"text-align: justify;\">Il Consiglio Direttivo:<\/p>\n<ul>\n<li style=\"text-align: justify;\">decide sull\u2019approvazione delle domande di nuove adesioni;<\/li>\n<li style=\"text-align: justify;\">stabilisce le quote associative annue e le propone all\u2019Assemblea;<\/li>\n<li style=\"text-align: justify;\">riconosce la qualit\u00e0 di Socio Onorario;<\/li>\n<li style=\"text-align: justify;\">redige eventuali regolamenti interni e li sottopone all\u2019Assemblea;<\/li>\n<li style=\"text-align: justify;\">provvede agli affari di ordinaria e straordinaria amministrazione;<\/li>\n<li style=\"text-align: justify;\">formula il programma delle attivit\u00e0 e redige la relazione annuale sull\u2019attivit\u00e0 svolta dalla ItPA;<\/li>\n<li style=\"text-align: justify;\">promuove ed organizza il Congresso Nazionale della ItPA.<\/li>\n<li style=\"text-align: justify;\">\u00e8 responsabile del sito internet registrato come www.itpa.it<\/li>\n<li style=\"text-align: justify;\">propone all\u2019Assemblea l\u2019esclusione dei Soci nei casi previsti dal presente Statuto;<\/li>\n<\/ul>\n<p style=\"text-align: justify;\">Il Consiglio Direttivo entra in carica il 1\u00b0 Gennaio successivo alla sua elezione (ad eccezione dei membri insediati in seguito alla applicazione della norma transitoria che entrano in carica dal momento della loro elezione) e si riunisce almeno due volte all\u2019anno dietro convocazione del Presidente, ove ne ravvisi l\u2019opportunit\u00e0 o quando almeno un terzo dei Consiglieri ne faccia richiesta. La convocazione pu\u00f2 essere effettuata mediante posta ordinaria o posta elettronica con avviso di ricevimento almeno due settimane prima della data della riunione o in caso di urgenza con preavviso di quarantotto ore. Il Comitato Direttivo \u00e8 presieduto dal Presidente o, in caso di sua assenza o impedimento, dal Vice Presidente ed assume le proprie deliberazioni con la presenza della maggioranza dei componenti ed il voto favorevole della maggioranza degli intervenuti.<br \/>\nDi ciascuna adunanza viene redatto un verbale sottoscritto dal Presidente e dal Segretario verbalizzatore all\u2019uopo nominato dal Comitato. Il componente del Consiglio Direttivo che non partecipa, senza giustificazione, per tre volte consecutive alle riunioni di Consiglio Direttivo si intende decaduto automaticamente dalla carica. In caso di posto vacante nel Consiglio Direttivo (per dimissioni, impedimento o qualsiasi altro motivo) subentra come componente il Socio che fra i non eletti nell\u2019ultima tornata elettorale ha ottenuto il maggior numero di voti. Il subentrante conserva il diritto a rimanere nell\u2019ufficio di componente del Consiglio Direttivo per il 2\u00b0 triennio, nel caso in cui il componente uscente sia stato in carica per un solo triennio o per un periodo inferiore. Nel caso decada oltre la met\u00e0 dei componenti il Consiglio, l\u2019Assemblea dovr\u00e0 provvedere alla nomina del nuovo Consiglio Direttivo.<\/p>\n<p style=\"text-align: justify;\"><span style=\"font-size: 20px;\"><strong>ART. 10<\/strong><\/span><br \/>\nIl Presidente \u00e8 nominato dal Consiglio Direttivo fra i suoi componenti ed ha il compito di convocare e presiedere il Consiglio Direttivo, nonch\u00e9 l\u2019Assemblea dei Soci. Al Presidente \u00e8 attribuita la rappresentanza legale dell\u2019Associazione di fronte a terzi ed in giudizio. In caso di sua assenza o impedimento, le sue funzioni spettano al Vice Presidente, nominato dal Pre-sidente. Il Presidente cura l\u2019esecuzione delle delibere del Consiglio Direttivo ed, in caso di urgenza, assume i provvedimenti necessari, riferendone agli organi competenti alla prima riunione successiva.<\/p>\n<p style=\"text-align: justify;\"><strong><span style=\"font-size: 20px;\">ART. 11<\/span><\/strong><br \/>\nIl Segretario \u00e8 nominato dal Comitato Direttivo fra i suoi componenti ed ha il compito della gestione organizzativa dell\u2019Associazione secondo le decisioni prese dal Comitato Direttivo.<\/p>\n<p style=\"text-align: justify;\"><span style=\"font-size: 20px;\"><strong>ART. 12<\/strong><\/span><br \/>\nIl Tesoriere \u00e8 nominato dal Comitato Direttivo fra i suoi componenti ed ha il compito della gestione finanziaria dell\u2019Associazione secondo le decisioni prese dal Comitato Direttivo.<\/p>\n<p style=\"text-align: justify;\"><span style=\"font-size: 20px;\"><strong>ART. 13<\/strong><\/span><br \/>\nIl Collegio dei Revisori dei Conti \u00e8 costituito da tre membri nominati dall\u2019Assemblea dei Soci. Esso controlla la gestione economica e finanziaria dell\u2019Associazione, ne rivede la contabilit\u00e0 e ne riferisce agli organi competenti.<\/p>\n<p style=\"text-align: justify;\"><strong><span style=\"font-size: 20px;\">ART. 14<\/span><\/strong><br \/>\nIl Congresso Nazionale della ItPA si svolge annualmente salvo casi eccezionali che ne suggeriscano il rinvio. Il Consiglio Direttivo, su consiglio del Coordinatore del Comitato di attivit\u00e0 &#8220;Congressi e Comunicazione&#8221;, indica la sede, designa il Comitato Organizzatore ed il Comitato Scientifico. Indica inoltre i temi scientifici del Congresso e le linee generali dell\u2019organizzazione.<\/p>\n<p style=\"text-align: justify;\"><span style=\"font-size: 20px;\"><strong>ART. 15<\/strong><\/span><br \/>\nLa durata dell\u2019Associazione \u00e8 illimitata. In caso di scioglimento dell\u2019Associazione, il patrimonio dell\u2019ente verr\u00e0 devoluto ad altre associazioni operanti in identico o analogo settore o ai fini di pubblica utilit\u00e0, sentito l\u2019organismo di controllo di cui all\u2019art. 3, comma 190, della Legge 23 dicembre 1996, n.662 e salvo diversa destinazione imposta dalla legge.<\/p>\n<p style=\"text-align: justify;\"><span style=\"font-size: 20px;\"><strong>ART. 16<\/strong><\/span><br \/>\nPer quanto non espressamente previsto nel presente statuto si fa riferimento alle norme di legge vigenti in materia.<\/p>\n<p style=\"text-align: justify;\"><strong><span style=\"font-size: 20px;\">ART. 17<\/span><\/strong><br \/>\nLa ItPA \u00e8 una associazione scientifica senza scopo di lucro.<\/p>\n<p style=\"text-align: justify;\"><span style=\"font-size: 20px;\"><strong>NORMA TRANSITORIA<\/strong><\/span><br \/>\nPer valorizzare quanto realizzato dalle societ\u00e0 di Scienza del Proteoma gi\u00e0 operanti sul territorio nazionale in via transitoria, all\u2019atto della fondazione della Italian Proteomics Association (ItPA) \u00e8 proposto all\u2019Assemblea che il Consiglio Direttivo sia composto, solo per un triennio a partire dalla prima assemblea da convocarsi come detto nell\u2019Atto costitutivo, da nove membri. Tre componenti saranno nominati dal voto dell\u2019Assemblea della ItPA fra candidati non appartenenti ai direttivi della IHUPO e della IPSo, ogni votante ha diritto ad esprimere una preferenza. Le candidature potranno essere proposte al Comitato Organizzatore del Congresso da 60 a 7 giorni prima del congresso. Tre componenti verranno designati dal Consiglio Direttivo della IPSo e tre componenti verranno designati dal Consiglio Direttivo della IHUPO. I componenti designati da IPSo e IHUPO non potranno essere in carica per un consecutivo mandato nel Consiglio Direttivo ItPA.<\/p>\n","protected":false},"excerpt":{"rendered":"<p>ART.1 E\u2019 costituita l\u2019Associazione Scientifica denominata &#8220;Italian Proteomics Association- ItPA&#8221;. ART 2 L\u2019Associazione ha sede legale in Roma. ART 3 Gli scopi della ItPA sono: promuovere e sostenere, nelle istituzioni universitarie, negli Enti Pubblici&#46;&#46;&#46;<\/p>\n","protected":false},"author":1,"featured_media":0,"parent":0,"menu_order":0,"comment_status":"closed","ping_status":"closed","template":"","meta":{"inline_featured_image":false,"_exactmetrics_skip_tracking":false,"_exactmetrics_sitenote_active":false,"_exactmetrics_sitenote_note":"","_exactmetrics_sitenote_category":0,"footnotes":""},"class_list":["post-110","page","type-page","status-publish","hentry"],"_links":{"self":[{"href":"https:\/\/www.itpa.it\/index.php\/wp-json\/wp\/v2\/pages\/110","targetHints":{"allow":["GET"]}}],"collection":[{"href":"https:\/\/www.itpa.it\/index.php\/wp-json\/wp\/v2\/pages"}],"about":[{"href":"https:\/\/www.itpa.it\/index.php\/wp-json\/wp\/v2\/types\/page"}],"author":[{"embeddable":true,"href":"https:\/\/www.itpa.it\/index.php\/wp-json\/wp\/v2\/users\/1"}],"replies":[{"embeddable":true,"href":"https:\/\/www.itpa.it\/index.php\/wp-json\/wp\/v2\/comments?post=110"}],"version-history":[{"count":7,"href":"https:\/\/www.itpa.it\/index.php\/wp-json\/wp\/v2\/pages\/110\/revisions"}],"predecessor-version":[{"id":129,"href":"https:\/\/www.itpa.it\/index.php\/wp-json\/wp\/v2\/pages\/110\/revisions\/129"}],"wp:attachment":[{"href":"https:\/\/www.itpa.it\/index.php\/wp-json\/wp\/v2\/media?parent=110"}],"curies":[{"name":"wp","href":"https:\/\/api.w.org\/{rel}","templated":true}]}}